{"id":8936,"date":"2025-05-13T15:07:50","date_gmt":"2025-05-13T13:07:50","guid":{"rendered":"https:\/\/troypetshop.com\/product\/harnais-pour-chien-de-couleur-unie\/"},"modified":"2026-02-28T16:53:20","modified_gmt":"2026-02-28T15:53:20","slug":"harnais-pour-chien-de-couleur-unie","status":"publish","type":"product","link":"https:\/\/troypetshop.com\/fr\/product\/harnais-pour-chien-de-couleur-unie\/","title":{"rendered":"Harnais pour chien de couleur unie"},"content":{"rendered":"","protected":false},"excerpt":{"rendered":"<p>Il s&rsquo;agit d&rsquo;un produit sp\u00e9cialement con\u00e7u pour les chiens de petite et moyenne taille, l\u00e9ger, confortable, durable et qui attire l&rsquo;attention par ses couleurs vives. Le confort de votre chien est privil\u00e9gi\u00e9 gr\u00e2ce \u00e0 l&rsquo;utilisation d&rsquo;un tissu respirant qui procure un effet rafra\u00eechissant en \u00e9t\u00e9. Il offre une utilisation encore plus spacieuse en mouillant le tissu. Il prot\u00e8ge \u00e9galement contre le froid en hiver. Votre chien se sentira \u00e0 l&rsquo;aise dans ce harnais chaud. Ce produit est parfait pour les animaux de compagnie.     <\/p>\n<ul>\n<li>Tissu l\u00e9ger et respirant<\/li>\n<li>Facile \u00e0 mettre et \u00e0 enlever<\/li>\n<li>Syst\u00e8me de velcro r\u00e9glable<\/li>\n<li>S\u00e9curit\u00e9 avec couture en cha\u00eene<\/li>\n<li>Deux anneaux en D plus s\u00fbrs<\/li>\n<li>Id\u00e9ales pour les promenades nocturnes, les bandes r\u00e9fl\u00e9chissantes offrent une visibilit\u00e9 et une s\u00e9curit\u00e9 accrues dans l&rsquo;obscurit\u00e9.<\/li>\n<\/ul>\n","protected":false},"featured_media":7622,"comment_status":"open","ping_status":"closed","template":"","meta":[],"product_brand":[],"product_cat":[1022,1023,1276],"product_tag":[1841,1090,1111],"class_list":{"0":"post-8936","1":"product","2":"type-product","3":"status-publish","4":"has-post-thumbnail","6":"product_cat-chien","7":"product_cat-colliers-et-laisses-pour-chiens","8":"product_cat-colliers-gladiateur","9":"product_tag-bandes-reflechissantes","10":"product_tag-chien","11":"product_tag-harnais","12":"post","13":"post-with-thumbnail","14":"post-with-thumbnail-large","16":"first","17":"instock","18":"sale","19":"taxable","20":"shipping-taxable","21":"purchasable","22":"product-type-variable"},"_links":{"self":[{"href":"https:\/\/troypetshop.com\/fr\/wp-json\/wp\/v2\/product\/8936","targetHints":{"allow":["GET"]}}],"collection":[{"href":"https:\/\/troypetshop.com\/fr\/wp-json\/wp\/v2\/product"}],"about":[{"href":"https:\/\/troypetshop.com\/fr\/wp-json\/wp\/v2\/types\/product"}],"replies":[{"embeddable":true,"href":"https:\/\/troypetshop.com\/fr\/wp-json\/wp\/v2\/comments?post=8936"}],"wp:featuredmedia":[{"embeddable":true,"href":"https:\/\/troypetshop.com\/fr\/wp-json\/wp\/v2\/media\/7622"}],"wp:attachment":[{"href":"https:\/\/troypetshop.com\/fr\/wp-json\/wp\/v2\/media?parent=8936"}],"wp:term":[{"taxonomy":"product_brand","embeddable":true,"href":"https:\/\/troypetshop.com\/fr\/wp-json\/wp\/v2\/product_brand?post=8936"},{"taxonomy":"product_cat","embeddable":true,"href":"https:\/\/troypetshop.com\/fr\/wp-json\/wp\/v2\/product_cat?post=8936"},{"taxonomy":"product_tag","embeddable":true,"href":"https:\/\/troypetshop.com\/fr\/wp-json\/wp\/v2\/product_tag?post=8936"}],"curies":[{"name":"wp","href":"https:\/\/api.w.org\/{rel}","templated":true}]}}