{"id":8976,"date":"2025-05-08T19:41:34","date_gmt":"2025-05-08T17:41:34","guid":{"rendered":"https:\/\/troypetshop.com\/product\/jouet-pour-chien-corde-et-fil-dentaire-avec-balle\/"},"modified":"2026-02-28T16:48:20","modified_gmt":"2026-02-28T15:48:20","slug":"jouet-pour-chien-corde-et-fil-dentaire-avec-balle","status":"publish","type":"product","link":"https:\/\/troypetshop.com\/fr\/product\/jouet-pour-chien-corde-et-fil-dentaire-avec-balle\/","title":{"rendered":"Jouet pour chien corde et fil dentaire avec balle"},"content":{"rendered":"","protected":false},"excerpt":{"rendered":"<p class=\"product_title entry-title\"><strong>Nunbell Jouet pour chien corde avec balle plusieurs couleurs<\/strong><\/p>\n<p class=\"product_title entry-title\"><strong> (1.4*42cm &#8211; 200g) &#8211; 1,4 cm d&rsquo;\u00e9paisseur, 42 cm de long et 200 grammes<\/strong><\/p>\n<ul>\n<li>Le jouet \u00e0 m\u00e2cher de la marque Nunbell est un excellent jouet pour tous les chiens !<\/li>\n<li>Il est compos\u00e9 d&rsquo;une corde de coton tress\u00e9e et tr\u00e8s r\u00e9sistante et d&rsquo;une balle de tennis.<\/li>\n<li>Le jouet est \u00e9galement un excellent jouet \u00e0 m\u00e2cher pour les dents, car les fibres de coton massent les gencives et nettoient d\u00e9licatement les dents de la plaque dentaire.<\/li>\n<li>Il renforce le lien avec le gardien et donne confiance au chien. Il est \u00e9galement id\u00e9al pour aller chercher des objets. <\/li>\n<li>Le produit \u00e0 m\u00e2cher convient aux chiens de tous \u00e2ges.<br \/>\nVeillez \u00e0 choisir la taille de la ficelle en fonction de la taille du museau de votre chien.<\/li>\n<li>*Vous devez toujours surveiller votre chien lorsqu&rsquo;il joue. Si une partie du jouet est endommag\u00e9e, elle doit \u00eatre jet\u00e9e et remplac\u00e9e par une nouvelle. <\/li>\n<\/ul>\n","protected":false},"featured_media":7515,"comment_status":"open","ping_status":"closed","template":"","meta":[],"product_brand":[],"product_cat":[1101,1379,1378],"product_tag":[1436,1448,1894],"class_list":{"0":"post-8976","1":"product","2":"type-product","3":"status-publish","4":"has-post-thumbnail","6":"product_cat-accessoires-pour-chats-et-chiens","7":"product_cat-cordes-dactivite-fil-dentaire","8":"product_cat-jouets-pour-chiens","9":"product_tag-corde-dactivite","10":"product_tag-fil-dentaire","11":"product_tag-jouets-pour-chiens","12":"post","13":"post-with-thumbnail","14":"post-with-thumbnail-large","16":"first","17":"instock","18":"sale","19":"taxable","20":"shipping-taxable","21":"purchasable","22":"product-type-simple"},"_links":{"self":[{"href":"https:\/\/troypetshop.com\/fr\/wp-json\/wp\/v2\/product\/8976","targetHints":{"allow":["GET"]}}],"collection":[{"href":"https:\/\/troypetshop.com\/fr\/wp-json\/wp\/v2\/product"}],"about":[{"href":"https:\/\/troypetshop.com\/fr\/wp-json\/wp\/v2\/types\/product"}],"replies":[{"embeddable":true,"href":"https:\/\/troypetshop.com\/fr\/wp-json\/wp\/v2\/comments?post=8976"}],"wp:featuredmedia":[{"embeddable":true,"href":"https:\/\/troypetshop.com\/fr\/wp-json\/wp\/v2\/media\/7515"}],"wp:attachment":[{"href":"https:\/\/troypetshop.com\/fr\/wp-json\/wp\/v2\/media?parent=8976"}],"wp:term":[{"taxonomy":"product_brand","embeddable":true,"href":"https:\/\/troypetshop.com\/fr\/wp-json\/wp\/v2\/product_brand?post=8976"},{"taxonomy":"product_cat","embeddable":true,"href":"https:\/\/troypetshop.com\/fr\/wp-json\/wp\/v2\/product_cat?post=8976"},{"taxonomy":"product_tag","embeddable":true,"href":"https:\/\/troypetshop.com\/fr\/wp-json\/wp\/v2\/product_tag?post=8976"}],"curies":[{"name":"wp","href":"https:\/\/api.w.org\/{rel}","templated":true}]}}