{"id":8980,"date":"2025-05-07T14:03:53","date_gmt":"2025-05-07T11:03:53","guid":{"rendered":"https:\/\/troypetshop.com\/product\/ceinture-de-securite-reglable-pour-animaux-de-compagnie\/"},"modified":"2026-02-28T16:49:12","modified_gmt":"2026-02-28T15:49:12","slug":"ceinture-de-securite-reglable-pour-animaux-de-compagnie","status":"publish","type":"product","link":"https:\/\/troypetshop.com\/fr\/product\/ceinture-de-securite-reglable-pour-animaux-de-compagnie\/","title":{"rendered":"Ceinture de s\u00e9curit\u00e9 r\u00e9glable"},"content":{"rendered":"","protected":false},"excerpt":{"rendered":"<p><strong>Si vous transportez votre animal en voiture, le port de la ceinture de s\u00e9curit\u00e9 est obligatoire ! <\/strong><\/p>\n<p>Ceinture de s\u00e9curit\u00e9 r\u00e9glable pour animaux de compagnie<\/p>\n<ul>\n<li>Une laisse de s\u00e9curit\u00e9 vous prot\u00e8ge, vous et votre animal, lorsque vous conduisez.<\/li>\n<li>Compatible avec tous les connecteurs de ceinture de s\u00e9curit\u00e9 de voiture.<\/li>\n<li>Taille ajustable, parfaite pour les petits et les grands animaux.<\/li>\n<li>Chaque propri\u00e9taire est tenu d&rsquo;attacher sa ceinture de s\u00e9curit\u00e9.<\/li>\n<\/ul>\n<p>&nbsp;<\/p>\n","protected":false},"featured_media":7465,"comment_status":"open","ping_status":"closed","template":"","meta":[],"product_brand":[],"product_cat":[1022,1023,458],"product_tag":[1092,1091,1609,1090,1608],"class_list":{"0":"post-8980","1":"product","2":"type-product","3":"status-publish","4":"has-post-thumbnail","6":"product_cat-chien","7":"product_cat-colliers-et-laisses-pour-chiens","8":"product_cat-nos-produits","9":"product_tag-animal-de-compagnie","10":"product_tag-cat-fr","11":"product_tag-ceinture-de-securite","12":"product_tag-chien","13":"product_tag-sur","14":"post","15":"post-with-thumbnail","16":"post-with-thumbnail-large","18":"first","19":"outofstock","20":"sale","21":"taxable","22":"shipping-taxable","23":"purchasable","24":"product-type-simple"},"_links":{"self":[{"href":"https:\/\/troypetshop.com\/fr\/wp-json\/wp\/v2\/product\/8980","targetHints":{"allow":["GET"]}}],"collection":[{"href":"https:\/\/troypetshop.com\/fr\/wp-json\/wp\/v2\/product"}],"about":[{"href":"https:\/\/troypetshop.com\/fr\/wp-json\/wp\/v2\/types\/product"}],"replies":[{"embeddable":true,"href":"https:\/\/troypetshop.com\/fr\/wp-json\/wp\/v2\/comments?post=8980"}],"wp:featuredmedia":[{"embeddable":true,"href":"https:\/\/troypetshop.com\/fr\/wp-json\/wp\/v2\/media\/7465"}],"wp:attachment":[{"href":"https:\/\/troypetshop.com\/fr\/wp-json\/wp\/v2\/media?parent=8980"}],"wp:term":[{"taxonomy":"product_brand","embeddable":true,"href":"https:\/\/troypetshop.com\/fr\/wp-json\/wp\/v2\/product_brand?post=8980"},{"taxonomy":"product_cat","embeddable":true,"href":"https:\/\/troypetshop.com\/fr\/wp-json\/wp\/v2\/product_cat?post=8980"},{"taxonomy":"product_tag","embeddable":true,"href":"https:\/\/troypetshop.com\/fr\/wp-json\/wp\/v2\/product_tag?post=8980"}],"curies":[{"name":"wp","href":"https:\/\/api.w.org\/{rel}","templated":true}]}}