{"id":9061,"date":"2025-06-06T13:31:15","date_gmt":"2025-06-06T11:31:15","guid":{"rendered":"https:\/\/troypetshop.com\/?post_type=product&#038;p=9061"},"modified":"2026-02-28T16:53:24","modified_gmt":"2026-02-28T15:53:24","slug":"robe-chandail-pour-chien-nunbell","status":"publish","type":"product","link":"https:\/\/troypetshop.com\/fr\/product\/robe-chandail-pour-chien-nunbell\/","title":{"rendered":"Robe-chandail pour chien Nunbell"},"content":{"rendered":"","protected":false},"excerpt":{"rendered":"<p>Du printemps \u00e0 l&rsquo;automne, un choix parfait pour les temps frais, en mati\u00e8re tricot\u00e9e.<\/p>\n<p>Disponible en diff\u00e9rentes tailles, pour l&rsquo;instant la couleur Dark Brown est disponible dans notre boutique en ligne. D&rsquo;autres couleurs et tailles seront fournies. <\/p>\n<p>Tailles disponibles : S, M<\/p>\n","protected":false},"featured_media":9084,"comment_status":"open","ping_status":"closed","template":"","meta":[],"product_brand":[],"product_cat":[1067,1066],"product_tag":[1091,2375,1090,2363],"class_list":{"0":"post-9061","1":"product","2":"type-product","3":"status-publish","4":"has-post-thumbnail","6":"product_cat-vetements","7":"product_cat-vetements-pour-chiens","8":"product_tag-cat-fr","9":"product_tag-chandail","10":"product_tag-chien","11":"product_tag-robe","12":"post","13":"post-with-thumbnail","14":"post-with-thumbnail-large","16":"first","17":"instock","18":"sale","19":"taxable","20":"shipping-taxable","21":"purchasable","22":"product-type-variable"},"_links":{"self":[{"href":"https:\/\/troypetshop.com\/fr\/wp-json\/wp\/v2\/product\/9061","targetHints":{"allow":["GET"]}}],"collection":[{"href":"https:\/\/troypetshop.com\/fr\/wp-json\/wp\/v2\/product"}],"about":[{"href":"https:\/\/troypetshop.com\/fr\/wp-json\/wp\/v2\/types\/product"}],"replies":[{"embeddable":true,"href":"https:\/\/troypetshop.com\/fr\/wp-json\/wp\/v2\/comments?post=9061"}],"wp:featuredmedia":[{"embeddable":true,"href":"https:\/\/troypetshop.com\/fr\/wp-json\/wp\/v2\/media\/9084"}],"wp:attachment":[{"href":"https:\/\/troypetshop.com\/fr\/wp-json\/wp\/v2\/media?parent=9061"}],"wp:term":[{"taxonomy":"product_brand","embeddable":true,"href":"https:\/\/troypetshop.com\/fr\/wp-json\/wp\/v2\/product_brand?post=9061"},{"taxonomy":"product_cat","embeddable":true,"href":"https:\/\/troypetshop.com\/fr\/wp-json\/wp\/v2\/product_cat?post=9061"},{"taxonomy":"product_tag","embeddable":true,"href":"https:\/\/troypetshop.com\/fr\/wp-json\/wp\/v2\/product_tag?post=9061"}],"curies":[{"name":"wp","href":"https:\/\/api.w.org\/{rel}","templated":true}]}}