{"id":9329,"date":"2025-06-11T13:00:36","date_gmt":"2025-06-11T11:00:36","guid":{"rendered":"https:\/\/troypetshop.com\/product\/porte-balles-de-tennis-en-corde-a-double-noeud\/"},"modified":"2026-02-28T16:49:59","modified_gmt":"2026-02-28T15:49:59","slug":"porte-balles-de-tennis-en-corde-a-double-noeud","status":"publish","type":"product","link":"https:\/\/troypetshop.com\/fr\/product\/porte-balles-de-tennis-en-corde-a-double-noeud\/","title":{"rendered":"Porte-balles de tennis en corde \u00e0 double n\u0153ud"},"content":{"rendered":"","protected":false},"excerpt":{"rendered":"<p>Ce jouet a un diam\u00e8tre de balle de tennis d&rsquo;environ 6,35 cm. La balle de tennis peut \u00eatre d\u00e9chir\u00e9e par les grands chiens. Nous ne le recommandons donc pas aux propri\u00e9taires de grands chiens. Ce jouet convient aux chiens de petite race.   <\/p>\n","protected":false},"featured_media":9140,"comment_status":"open","ping_status":"closed","template":"","meta":[],"product_brand":[],"product_cat":[1378],"product_tag":[2039,2038],"class_list":{"0":"post-9329","1":"product","2":"type-product","3":"status-publish","4":"has-post-thumbnail","6":"product_cat-jouets-pour-chiens","7":"product_tag-balle-de-tennis","8":"product_tag-corde-a-double-noeud","9":"post","10":"post-with-thumbnail","11":"post-with-thumbnail-large","13":"first","14":"instock","15":"sale","16":"taxable","17":"shipping-taxable","18":"purchasable","19":"product-type-simple"},"_links":{"self":[{"href":"https:\/\/troypetshop.com\/fr\/wp-json\/wp\/v2\/product\/9329","targetHints":{"allow":["GET"]}}],"collection":[{"href":"https:\/\/troypetshop.com\/fr\/wp-json\/wp\/v2\/product"}],"about":[{"href":"https:\/\/troypetshop.com\/fr\/wp-json\/wp\/v2\/types\/product"}],"replies":[{"embeddable":true,"href":"https:\/\/troypetshop.com\/fr\/wp-json\/wp\/v2\/comments?post=9329"}],"wp:featuredmedia":[{"embeddable":true,"href":"https:\/\/troypetshop.com\/fr\/wp-json\/wp\/v2\/media\/9140"}],"wp:attachment":[{"href":"https:\/\/troypetshop.com\/fr\/wp-json\/wp\/v2\/media?parent=9329"}],"wp:term":[{"taxonomy":"product_brand","embeddable":true,"href":"https:\/\/troypetshop.com\/fr\/wp-json\/wp\/v2\/product_brand?post=9329"},{"taxonomy":"product_cat","embeddable":true,"href":"https:\/\/troypetshop.com\/fr\/wp-json\/wp\/v2\/product_cat?post=9329"},{"taxonomy":"product_tag","embeddable":true,"href":"https:\/\/troypetshop.com\/fr\/wp-json\/wp\/v2\/product_tag?post=9329"}],"curies":[{"name":"wp","href":"https:\/\/api.w.org\/{rel}","templated":true}]}}