{"id":9417,"date":"2025-06-13T17:53:28","date_gmt":"2025-06-13T15:53:28","guid":{"rendered":"https:\/\/troypetshop.com\/product\/brosse-nunbell-pour-animaux-de-compagnie-collecteur-de-poils\/"},"modified":"2026-02-28T16:53:31","modified_gmt":"2026-02-28T15:53:31","slug":"brosse-pour-animaux-de-compagnie","status":"publish","type":"product","link":"https:\/\/troypetshop.com\/fr\/product\/brosse-pour-animaux-de-compagnie\/","title":{"rendered":"Brosse pour animaux de compagnie"},"content":{"rendered":"","protected":false},"excerpt":{"rendered":"<p>Brosse Nunbell pour animaux de compagnie Collecteur de poils<\/p>\n<p>Il nettoie rapidement les poils de vos animaux, leur donnant un pelage brillant et \u00e9clatant. Les fils sont en m\u00e9tal et les extr\u00e9mit\u00e9s des fils sont recouvertes d&rsquo;un rev\u00eatement. Il s&rsquo;agit d&rsquo;un produit ergonomique qui n&rsquo;ab\u00eemera pas la peau de vos animaux.<\/p>\n<p>Le fonctionnement est simple, il suffit de rouler doucement pour nettoyer les poils et la poussi\u00e8re de l&rsquo;animal, ce qui permet de garder l&rsquo;animal propre et confortable.<\/p>\n","protected":false},"featured_media":9287,"comment_status":"open","ping_status":"closed","template":"","meta":[],"product_brand":[],"product_cat":[1101,1077,1022],"product_tag":[1092,1856,1091,2128,1090,2129,1902],"class_list":{"0":"post-9417","1":"product","2":"type-product","3":"status-publish","4":"has-post-thumbnail","6":"product_cat-accessoires-pour-chats-et-chiens","7":"product_cat-cat-fr","8":"product_cat-chien","9":"product_tag-animal-de-compagnie","10":"product_tag-brosse","11":"product_tag-cat-fr","12":"product_tag-cheveux","13":"product_tag-chien","14":"product_tag-collecteur","15":"product_tag-nunbell-fr","16":"post","17":"post-with-thumbnail","18":"post-with-thumbnail-large","20":"first","21":"instock","22":"sale","23":"taxable","24":"shipping-taxable","25":"purchasable","26":"product-type-variable"},"_links":{"self":[{"href":"https:\/\/troypetshop.com\/fr\/wp-json\/wp\/v2\/product\/9417","targetHints":{"allow":["GET"]}}],"collection":[{"href":"https:\/\/troypetshop.com\/fr\/wp-json\/wp\/v2\/product"}],"about":[{"href":"https:\/\/troypetshop.com\/fr\/wp-json\/wp\/v2\/types\/product"}],"replies":[{"embeddable":true,"href":"https:\/\/troypetshop.com\/fr\/wp-json\/wp\/v2\/comments?post=9417"}],"wp:featuredmedia":[{"embeddable":true,"href":"https:\/\/troypetshop.com\/fr\/wp-json\/wp\/v2\/media\/9287"}],"wp:attachment":[{"href":"https:\/\/troypetshop.com\/fr\/wp-json\/wp\/v2\/media?parent=9417"}],"wp:term":[{"taxonomy":"product_brand","embeddable":true,"href":"https:\/\/troypetshop.com\/fr\/wp-json\/wp\/v2\/product_brand?post=9417"},{"taxonomy":"product_cat","embeddable":true,"href":"https:\/\/troypetshop.com\/fr\/wp-json\/wp\/v2\/product_cat?post=9417"},{"taxonomy":"product_tag","embeddable":true,"href":"https:\/\/troypetshop.com\/fr\/wp-json\/wp\/v2\/product_tag?post=9417"}],"curies":[{"name":"wp","href":"https:\/\/api.w.org\/{rel}","templated":true}]}}