{"id":9431,"date":"2025-06-14T21:33:03","date_gmt":"2025-06-14T19:33:03","guid":{"rendered":"https:\/\/troypetshop.com\/product\/pelle-pour-ramasser-les-dechets-danimaux-de-compagnie\/"},"modified":"2026-02-28T16:47:39","modified_gmt":"2026-02-28T15:47:39","slug":"pelle-a-dejections-animales","status":"publish","type":"product","link":"https:\/\/troypetshop.com\/fr\/product\/pelle-a-dejections-animales\/","title":{"rendered":"Pelle \u00e0 d\u00e9jections animales"},"content":{"rendered":"","protected":false},"excerpt":{"rendered":"<p>Pelle pour ramasser les d\u00e9chets d&rsquo;animaux de compagnie<\/p>\n<p>Ramasse-crottes avec poign\u00e9e. La lame s&rsquo;ouvre et se ferme en appuyant sur la poign\u00e9e, ce qui vous permet de ramasser les crottes. Il s&rsquo;agit d&rsquo;une solution facile \u00e0 utiliser et hygi\u00e9nique. Vous pouvez facilement le nettoyer apr\u00e8s usage, mais vous pouvez \u00e9galement placer un sac sur le ramasse-crottes pour le rendre encore plus hygi\u00e9nique.<\/p>\n<p>Dimensions : 29x 9&#215;9 cm<\/p>\n","protected":false},"featured_media":9308,"comment_status":"open","ping_status":"closed","template":"","meta":[],"product_brand":[],"product_cat":[1101,2818],"product_tag":[1092,2140,2147,2146],"class_list":{"0":"post-9431","1":"product","2":"type-product","3":"status-publish","4":"has-post-thumbnail","6":"product_cat-accessoires-pour-chats-et-chiens","7":"product_cat-pelle-a-excrements-danimaux","8":"product_tag-animal-de-compagnie","9":"product_tag-dechets","10":"product_tag-pelle","11":"product_tag-pelle-pour-ramasser-les-dechets-danimaux-de-compagnie","12":"post","13":"post-with-thumbnail","14":"post-with-thumbnail-large","16":"first","17":"instock","18":"sale","19":"taxable","20":"shipping-taxable","21":"purchasable","22":"product-type-simple"},"_links":{"self":[{"href":"https:\/\/troypetshop.com\/fr\/wp-json\/wp\/v2\/product\/9431","targetHints":{"allow":["GET"]}}],"collection":[{"href":"https:\/\/troypetshop.com\/fr\/wp-json\/wp\/v2\/product"}],"about":[{"href":"https:\/\/troypetshop.com\/fr\/wp-json\/wp\/v2\/types\/product"}],"replies":[{"embeddable":true,"href":"https:\/\/troypetshop.com\/fr\/wp-json\/wp\/v2\/comments?post=9431"}],"wp:featuredmedia":[{"embeddable":true,"href":"https:\/\/troypetshop.com\/fr\/wp-json\/wp\/v2\/media\/9308"}],"wp:attachment":[{"href":"https:\/\/troypetshop.com\/fr\/wp-json\/wp\/v2\/media?parent=9431"}],"wp:term":[{"taxonomy":"product_brand","embeddable":true,"href":"https:\/\/troypetshop.com\/fr\/wp-json\/wp\/v2\/product_brand?post=9431"},{"taxonomy":"product_cat","embeddable":true,"href":"https:\/\/troypetshop.com\/fr\/wp-json\/wp\/v2\/product_cat?post=9431"},{"taxonomy":"product_tag","embeddable":true,"href":"https:\/\/troypetshop.com\/fr\/wp-json\/wp\/v2\/product_tag?post=9431"}],"curies":[{"name":"wp","href":"https:\/\/api.w.org\/{rel}","templated":true}]}}