{"id":9514,"date":"2025-06-17T18:16:37","date_gmt":"2025-06-17T16:16:37","guid":{"rendered":"https:\/\/troypetshop.com\/?post_type=product&#038;p=9514"},"modified":"2026-02-28T16:53:33","modified_gmt":"2026-02-28T15:53:33","slug":"chaussures-en-silicone-pour-chiens","status":"publish","type":"product","link":"https:\/\/troypetshop.com\/fr\/product\/chaussures-en-silicone-pour-chiens\/","title":{"rendered":"Chaussures en silicone pour chiens"},"content":{"rendered":"","protected":false},"excerpt":{"rendered":"<p>Imperm\u00e9ables et antid\u00e9rapantes, elles permettent de garder les pieds des chiens propres et secs par temps de pluie ou de neige, leur permettant de se d\u00e9placer librement par mauvais temps, ce qui rend les jeux plus confortables.<\/p>\n<p>Les bottes de pluie pour chien sont souples et flexibles gr\u00e2ce au mat\u00e9riau silicone en r\u00e9sine de qualit\u00e9 fiable et durable. Elles ne se d\u00e9colorent pas et ne s&rsquo;usent pas facilement, ce qui permet \u00e0 votre animal de compagnie de porter ces bottes en permanence et de mani\u00e8re tr\u00e8s confortable.<\/p>\n<p>Veuillez mesurer la taille des pieds de votre animal pour choisir les bonnes chaussures. La taille de la botte est petite, veuillez choisir une taille de botte plus grande que celle de votre animal. Parfait pour les caniches, les pom\u00e9raniens et certains petits chiens.<\/p>\n","protected":false},"featured_media":9459,"comment_status":"open","ping_status":"closed","template":"","meta":[],"product_brand":[],"product_cat":[2162,1022],"product_tag":[2163,1090],"class_list":{"0":"post-9514","1":"product","2":"type-product","3":"status-publish","4":"has-post-thumbnail","6":"product_cat-chaussures-pour-chiens","7":"product_cat-chien","8":"product_tag-chaussures","9":"product_tag-chien","10":"post","11":"post-with-thumbnail","12":"post-with-thumbnail-large","14":"first","15":"instock","16":"sale","17":"taxable","18":"shipping-taxable","19":"purchasable","20":"product-type-variable"},"_links":{"self":[{"href":"https:\/\/troypetshop.com\/fr\/wp-json\/wp\/v2\/product\/9514","targetHints":{"allow":["GET"]}}],"collection":[{"href":"https:\/\/troypetshop.com\/fr\/wp-json\/wp\/v2\/product"}],"about":[{"href":"https:\/\/troypetshop.com\/fr\/wp-json\/wp\/v2\/types\/product"}],"replies":[{"embeddable":true,"href":"https:\/\/troypetshop.com\/fr\/wp-json\/wp\/v2\/comments?post=9514"}],"wp:featuredmedia":[{"embeddable":true,"href":"https:\/\/troypetshop.com\/fr\/wp-json\/wp\/v2\/media\/9459"}],"wp:attachment":[{"href":"https:\/\/troypetshop.com\/fr\/wp-json\/wp\/v2\/media?parent=9514"}],"wp:term":[{"taxonomy":"product_brand","embeddable":true,"href":"https:\/\/troypetshop.com\/fr\/wp-json\/wp\/v2\/product_brand?post=9514"},{"taxonomy":"product_cat","embeddable":true,"href":"https:\/\/troypetshop.com\/fr\/wp-json\/wp\/v2\/product_cat?post=9514"},{"taxonomy":"product_tag","embeddable":true,"href":"https:\/\/troypetshop.com\/fr\/wp-json\/wp\/v2\/product_tag?post=9514"}],"curies":[{"name":"wp","href":"https:\/\/api.w.org\/{rel}","templated":true}]}}