{"id":9599,"date":"2025-06-19T15:05:56","date_gmt":"2025-06-19T13:05:56","guid":{"rendered":"https:\/\/troypetshop.com\/?post_type=product&#038;p=9599"},"modified":"2026-02-28T16:53:35","modified_gmt":"2026-02-28T15:53:35","slug":"nettoyage-et-lavage-des-pattes-danimaux","status":"publish","type":"product","link":"https:\/\/troypetshop.com\/fr\/product\/nettoyage-et-lavage-des-pattes-danimaux\/","title":{"rendered":"Nettoyage et lavage des pattes d&rsquo;animaux"},"content":{"rendered":"","protected":false},"excerpt":{"rendered":"<p>Outil de nettoyage et de lavage des pattes d&rsquo;animaux de compagnie Nunbell<\/p>\n<p>Nunbell Paw Wash est un produit tr\u00e8s fonctionnel pour nettoyer les pattes de vos animaux de compagnie au retour des promenades. Il \u00e9limine toutes les salet\u00e9s des pattes de vos amis canins. Il facilite le nettoyage apr\u00e8s les promenades.<\/p>\n<p><strong><b>Caract\u00e9ristiques de l\u2019appareil de lavage des pattes Nunbell;<\/b><\/strong><\/p>\n<ul>\n<li>Le diam\u00e8tre et la hauteur de la bouche varient selon qu\u2019il s\u2019agit d\u2019un grand ou d\u2019un petit mod\u00e8le. Vous pouvez choisir en fonction de la taille de votre animal.<\/li>\n<li>Fabriqu\u00e9 en gel de silice.<\/li>\n<li>Vous pouvez l\u2019utiliser en ajoutant de l\u2019eau et du d\u00e9sinfectant pour les mains dans l\u2019appareil.<\/li>\n<li>Placez ensuite les pattes dans le bol de lavage et tournez le bol de gauche \u00e0 droite.<\/li>\n<li>Vous pouvez ensuite retirer les pattes et les s\u00e9cher.<\/li>\n<li>L\u2019appareil effectue le nettoyage le plus d\u00e9licat sans endommager les pattes.<\/li>\n<li>Nous vous recommandons de laver le r\u00e9cipient pour une utilisation ult\u00e9rieure.<\/li>\n<li>Si vous avez un chien \u00e0 la maison, vous devriez absolument utiliser l\u2019appareil de lavage des pieds.<\/li>\n<\/ul>\n<p><strong>Tailles : <\/strong><\/p>\n<ul>\n<li>Grande taille : 15 cm x 9,5 cm<\/li>\n<li>Petite taille : 11 cm x 8,5 cm<\/li>\n<\/ul>\n","protected":false},"featured_media":9569,"comment_status":"open","ping_status":"closed","template":"","meta":[],"product_brand":[],"product_cat":[1101,2162,1022],"product_tag":[1090,2203,2202],"class_list":{"0":"post-9599","1":"product","2":"type-product","3":"status-publish","4":"has-post-thumbnail","6":"product_cat-accessoires-pour-chats-et-chiens","7":"product_cat-chaussures-pour-chiens","8":"product_cat-chien","9":"product_tag-chien","10":"product_tag-lavage","11":"product_tag-patte","12":"post","13":"post-with-thumbnail","14":"post-with-thumbnail-large","16":"first","17":"instock","18":"sale","19":"taxable","20":"shipping-taxable","21":"purchasable","22":"product-type-variable"},"_links":{"self":[{"href":"https:\/\/troypetshop.com\/fr\/wp-json\/wp\/v2\/product\/9599","targetHints":{"allow":["GET"]}}],"collection":[{"href":"https:\/\/troypetshop.com\/fr\/wp-json\/wp\/v2\/product"}],"about":[{"href":"https:\/\/troypetshop.com\/fr\/wp-json\/wp\/v2\/types\/product"}],"replies":[{"embeddable":true,"href":"https:\/\/troypetshop.com\/fr\/wp-json\/wp\/v2\/comments?post=9599"}],"wp:featuredmedia":[{"embeddable":true,"href":"https:\/\/troypetshop.com\/fr\/wp-json\/wp\/v2\/media\/9569"}],"wp:attachment":[{"href":"https:\/\/troypetshop.com\/fr\/wp-json\/wp\/v2\/media?parent=9599"}],"wp:term":[{"taxonomy":"product_brand","embeddable":true,"href":"https:\/\/troypetshop.com\/fr\/wp-json\/wp\/v2\/product_brand?post=9599"},{"taxonomy":"product_cat","embeddable":true,"href":"https:\/\/troypetshop.com\/fr\/wp-json\/wp\/v2\/product_cat?post=9599"},{"taxonomy":"product_tag","embeddable":true,"href":"https:\/\/troypetshop.com\/fr\/wp-json\/wp\/v2\/product_tag?post=9599"}],"curies":[{"name":"wp","href":"https:\/\/api.w.org\/{rel}","templated":true}]}}