{"id":9692,"date":"2025-06-26T18:08:36","date_gmt":"2025-06-26T16:08:36","guid":{"rendered":"https:\/\/troypetshop.com\/?post_type=product&#038;p=9692"},"modified":"2026-02-28T16:53:37","modified_gmt":"2026-02-28T15:53:37","slug":"laisse-tactique-pour-chien","status":"publish","type":"product","link":"https:\/\/troypetshop.com\/fr\/product\/laisse-tactique-pour-chien\/","title":{"rendered":"Laisse tactique pour chien"},"content":{"rendered":"","protected":false},"excerpt":{"rendered":"<p>La laisse tactique pour chien est fabriqu\u00e9e en nylon renforc\u00e9 de haute qualit\u00e9 et dot\u00e9e d&rsquo;une boucle m\u00e9tallique solide, tr\u00e8s durable et r\u00e9sistante \u00e0 l&rsquo;usure.<\/p>\n<p>Design : Laisse r\u00e9glable de 3,81 cm de large avec boucle m\u00e9tallique \u00e0 d\u00e9clenchement rapide. Con\u00e7u avec une doublure rembourr\u00e9e douce et respirante pour prot\u00e9ger le cou de votre chien et lui apporter du confort.<\/p>\n<p>Poign\u00e9e de contr\u00f4le : Poign\u00e9e de contr\u00f4le sp\u00e9cialis\u00e9e qui facilite la prise en main lors du dressage, de la promenade, de la patrouille ou de la chasse avec votre chien. Parfait pour les chiens de taille moyenne \u00e0 grande.<\/p>\n","protected":false},"featured_media":9699,"comment_status":"open","ping_status":"closed","template":"","meta":[],"product_brand":[],"product_cat":[1022,1023,1025],"product_tag":[1090,1446,1042,2226,2252],"class_list":{"0":"post-9692","1":"product","2":"type-product","3":"status-publish","4":"has-post-thumbnail","6":"product_cat-chien","7":"product_cat-colliers-et-laisses-pour-chiens","8":"product_cat-cols-dencolure","9":"product_tag-chien","10":"product_tag-colliers","11":"product_tag-laisse","12":"product_tag-lourd","13":"product_tag-tactique-fr","14":"post","15":"post-with-thumbnail","16":"post-with-thumbnail-large","18":"first","19":"instock","20":"sale","21":"taxable","22":"shipping-taxable","23":"purchasable","24":"product-type-variable"},"_links":{"self":[{"href":"https:\/\/troypetshop.com\/fr\/wp-json\/wp\/v2\/product\/9692","targetHints":{"allow":["GET"]}}],"collection":[{"href":"https:\/\/troypetshop.com\/fr\/wp-json\/wp\/v2\/product"}],"about":[{"href":"https:\/\/troypetshop.com\/fr\/wp-json\/wp\/v2\/types\/product"}],"replies":[{"embeddable":true,"href":"https:\/\/troypetshop.com\/fr\/wp-json\/wp\/v2\/comments?post=9692"}],"wp:featuredmedia":[{"embeddable":true,"href":"https:\/\/troypetshop.com\/fr\/wp-json\/wp\/v2\/media\/9699"}],"wp:attachment":[{"href":"https:\/\/troypetshop.com\/fr\/wp-json\/wp\/v2\/media?parent=9692"}],"wp:term":[{"taxonomy":"product_brand","embeddable":true,"href":"https:\/\/troypetshop.com\/fr\/wp-json\/wp\/v2\/product_brand?post=9692"},{"taxonomy":"product_cat","embeddable":true,"href":"https:\/\/troypetshop.com\/fr\/wp-json\/wp\/v2\/product_cat?post=9692"},{"taxonomy":"product_tag","embeddable":true,"href":"https:\/\/troypetshop.com\/fr\/wp-json\/wp\/v2\/product_tag?post=9692"}],"curies":[{"name":"wp","href":"https:\/\/api.w.org\/{rel}","templated":true}]}}