{"id":9838,"date":"2025-06-27T14:58:37","date_gmt":"2025-06-27T12:58:37","guid":{"rendered":"https:\/\/troypetshop.com\/?post_type=product&#038;p=9838"},"modified":"2026-02-28T16:53:38","modified_gmt":"2026-02-28T15:53:38","slug":"collier-de-poitrine-souple","status":"publish","type":"product","link":"https:\/\/troypetshop.com\/fr\/product\/collier-de-poitrine-souple\/","title":{"rendered":"Nunbell Collier de Poitrine Souple"},"content":{"rendered":"","protected":false},"excerpt":{"rendered":"<ul>\n<li>Collier de poitrine r\u00e9glable pour chien.<\/li>\n<li>Ce harnais \u00e0 double couche offre un ajustement confortable et un contr\u00f4le total. Il est l\u00e9ger et poss\u00e8de une double couche pour une plus grande r\u00e9sistance \u00e0 la traction. Il est fabriqu\u00e9 en tissu doux de qualit\u00e9 et en mat\u00e9riaux durables. L&rsquo;int\u00e9rieur du collier a une texture douce pour envelopper en douceur la poitrine et le cou de votre chien.<\/li>\n<li>Disponible en rouge.<\/li>\n<li>La sangle de marche doit \u00eatre command\u00e9e s\u00e9par\u00e9ment. Assurez-vous de choisir la sangle appropri\u00e9e pour compl\u00e9ter le look de votre chien!<\/li>\n<li>Facile \u00e0 mettre et \u00e0 enlever. Les couleurs solides et vibrantes sont faciles \u00e0 voir et permettent \u00e0 votre compagnon d&rsquo;\u00eatre en s\u00e9curit\u00e9 et vu \u00e0 tout moment.<\/li>\n<\/ul>\n<p><strong>Veuillez s\u00e9lectionner la taille avant d&rsquo;ajouter au panier.<\/strong><\/p>\n","protected":false},"featured_media":9953,"comment_status":"open","ping_status":"closed","template":"","meta":[],"product_brand":[],"product_cat":[1022,1052],"product_tag":[1027,2319,1902,1053,1044,1054],"class_list":{"0":"post-9838","1":"product","2":"type-product","3":"status-publish","4":"has-post-thumbnail","6":"product_cat-chien","7":"product_cat-colliers-de-poitrine","8":"product_tag-collier","9":"product_tag-double-couche","10":"product_tag-nunbell-fr","11":"product_tag-poitrine","12":"product_tag-polyester-souple","13":"product_tag-reglable","14":"post","15":"post-with-thumbnail","16":"post-with-thumbnail-large","18":"first","19":"instock","20":"sale","21":"taxable","22":"shipping-taxable","23":"purchasable","24":"product-type-variable"},"_links":{"self":[{"href":"https:\/\/troypetshop.com\/fr\/wp-json\/wp\/v2\/product\/9838","targetHints":{"allow":["GET"]}}],"collection":[{"href":"https:\/\/troypetshop.com\/fr\/wp-json\/wp\/v2\/product"}],"about":[{"href":"https:\/\/troypetshop.com\/fr\/wp-json\/wp\/v2\/types\/product"}],"replies":[{"embeddable":true,"href":"https:\/\/troypetshop.com\/fr\/wp-json\/wp\/v2\/comments?post=9838"}],"wp:featuredmedia":[{"embeddable":true,"href":"https:\/\/troypetshop.com\/fr\/wp-json\/wp\/v2\/media\/9953"}],"wp:attachment":[{"href":"https:\/\/troypetshop.com\/fr\/wp-json\/wp\/v2\/media?parent=9838"}],"wp:term":[{"taxonomy":"product_brand","embeddable":true,"href":"https:\/\/troypetshop.com\/fr\/wp-json\/wp\/v2\/product_brand?post=9838"},{"taxonomy":"product_cat","embeddable":true,"href":"https:\/\/troypetshop.com\/fr\/wp-json\/wp\/v2\/product_cat?post=9838"},{"taxonomy":"product_tag","embeddable":true,"href":"https:\/\/troypetshop.com\/fr\/wp-json\/wp\/v2\/product_tag?post=9838"}],"curies":[{"name":"wp","href":"https:\/\/api.w.org\/{rel}","templated":true}]}}