{"id":5811,"date":"2023-10-25T13:58:18","date_gmt":"2023-10-25T11:58:18","guid":{"rendered":"http:\/\/troypetshop.com\/product\/bor-kutya-szajkosarak\/"},"modified":"2026-02-28T16:52:18","modified_gmt":"2026-02-28T15:52:18","slug":"bor-kutya-szajkosarak","status":"publish","type":"product","link":"https:\/\/troypetshop.com\/hu\/product\/bor-kutya-szajkosarak\/","title":{"rendered":"B\u0151r kutya sz\u00e1jkosarak"},"content":{"rendered":"","protected":false},"excerpt":{"rendered":"<p>A sz\u00e1jkos\u00e1r gyakran csendesebb, nyugodtabb \u00e9s sokkal biztons\u00e1gosabb k\u00f6rnyezetet teremt a kutya, az \u00e1llatorvos \u00e9s \u00d6n sz\u00e1m\u00e1ra. Megakad\u00e1lyozz\u00e1k a kutyaharap\u00e1st \u00e9s az idegen t\u00e1rgyak lenyel\u00e9s\u00e9t.<\/p>\n<p>A b\u0151r sz\u00e1jkos\u00e1r t\u00f6k\u00e9letesen szell\u0151zik, \u00edgy kuty\u00e1ja hossz\u00fa ideig viselheti ezt a sz\u00e1jkosarat an\u00e9lk\u00fcl, hogy b\u00e1rmilyen kellemetlens\u00e9get \u00e9rezne.<\/p>\n<p>&#8211; A term\u00e9kek k\u00e9zzel k\u00e9sz\u00fcltek val\u00f3di b\u0151rb\u0151l<br \/>\n&#8211; F\u00e9nyes nikkel kapcsk\u00e9szleteket haszn\u00e1lnak<br \/>\n&#8211; Sz\u00ednek: Fekete, vil\u00e1gosbarna, s\u00f6t\u00e9tbarna stb.<\/p>\n<p><strong>K\u00e9rj\u00fck, a kos\u00e1rba helyez\u00e9s el\u0151tt v\u00e1lassza ki a sz\u00ednt \u00e9s a t\u00edpusv\u00e1laszt\u00e9kot. <\/strong><\/p>\n<p>&nbsp;<\/p>\n","protected":false},"featured_media":4063,"comment_status":"open","ping_status":"closed","template":"","meta":[],"product_brand":[],"product_cat":[460,537,461],"product_tag":[719,464,756,686,932],"class_list":{"0":"post-5811","1":"product","2":"type-product","3":"status-publish","4":"has-post-thumbnail","6":"product_cat-kutya","7":"product_cat-kutyak-szajkosara","8":"product_cat-kutyanyakorvek-es-porazok","9":"product_tag-bor","10":"product_tag-galler","11":"product_tag-kezzel-keszitett","12":"product_tag-kutya","13":"product_tag-szajkosarak","14":"post","15":"post-with-thumbnail","16":"post-with-thumbnail-large","18":"first","19":"outofstock","20":"sale","21":"taxable","22":"shipping-taxable","23":"purchasable","24":"product-type-variable"},"_links":{"self":[{"href":"https:\/\/troypetshop.com\/hu\/wp-json\/wp\/v2\/product\/5811","targetHints":{"allow":["GET"]}}],"collection":[{"href":"https:\/\/troypetshop.com\/hu\/wp-json\/wp\/v2\/product"}],"about":[{"href":"https:\/\/troypetshop.com\/hu\/wp-json\/wp\/v2\/types\/product"}],"replies":[{"embeddable":true,"href":"https:\/\/troypetshop.com\/hu\/wp-json\/wp\/v2\/comments?post=5811"}],"wp:featuredmedia":[{"embeddable":true,"href":"https:\/\/troypetshop.com\/hu\/wp-json\/wp\/v2\/media\/4063"}],"wp:attachment":[{"href":"https:\/\/troypetshop.com\/hu\/wp-json\/wp\/v2\/media?parent=5811"}],"wp:term":[{"taxonomy":"product_brand","embeddable":true,"href":"https:\/\/troypetshop.com\/hu\/wp-json\/wp\/v2\/product_brand?post=5811"},{"taxonomy":"product_cat","embeddable":true,"href":"https:\/\/troypetshop.com\/hu\/wp-json\/wp\/v2\/product_cat?post=5811"},{"taxonomy":"product_tag","embeddable":true,"href":"https:\/\/troypetshop.com\/hu\/wp-json\/wp\/v2\/product_tag?post=5811"}],"curies":[{"name":"wp","href":"https:\/\/api.w.org\/{rel}","templated":true}]}}