{"id":7224,"date":"2025-01-03T17:10:54","date_gmt":"2025-01-03T16:10:54","guid":{"rendered":"https:\/\/troypetshop.com\/product\/huzogyuruk\/"},"modified":"2026-02-28T16:52:57","modified_gmt":"2026-02-28T15:52:57","slug":"huzogyuruk","status":"publish","type":"product","link":"https:\/\/troypetshop.com\/hu\/product\/huzogyuruk\/","title":{"rendered":"H\u00faz\u00f3gy\u0171r\u0171k"},"content":{"rendered":"","protected":false},"excerpt":{"rendered":"<p>A h\u00faz\u00f3gy\u0171r\u0171k k\u00e9t k\u00fcl\u00f6nb\u00f6z\u0151 m\u00e9retben kaphat\u00f3k.<\/p>\n<ul>\n<li>Kism\u00e9ret\u0171 h\u00faz\u00f3gy\u0171r\u0171 m\u00e9retei = 9,5 cm x 10,6 cm<\/li>\n<li>Nagym\u00e9ret\u0171 h\u00faz\u00f3gy\u0171r\u0171 m\u00e9retei= 12,5 cm x 14,3 cm<\/li>\n<\/ul>\n<p><strong>K\u00e9rj\u00fck, v\u00e1lassza ki a h\u00faz\u00f3gy\u0171r\u0171 m\u00e9ret\u00e9t \u00e9s sz\u00edn\u00e9t a kos\u00e1rba helyez\u00e9s el\u0151tt.<\/strong><\/p>\n","protected":false},"featured_media":6888,"comment_status":"open","ping_status":"closed","template":"","meta":[],"product_brand":[],"product_cat":[1465,1396],"product_tag":[1454,1896],"class_list":{"0":"post-7224","1":"product","2":"type-product","3":"status-publish","4":"has-post-thumbnail","6":"product_cat-huzogyuruk","7":"product_cat-kutyajatekok","8":"product_tag-gyuru","9":"product_tag-kutyajatekok","10":"post","11":"post-with-thumbnail","12":"post-with-thumbnail-large","14":"first","15":"outofstock","16":"sale","17":"taxable","18":"shipping-taxable","19":"purchasable","20":"product-type-variable"},"_links":{"self":[{"href":"https:\/\/troypetshop.com\/hu\/wp-json\/wp\/v2\/product\/7224","targetHints":{"allow":["GET"]}}],"collection":[{"href":"https:\/\/troypetshop.com\/hu\/wp-json\/wp\/v2\/product"}],"about":[{"href":"https:\/\/troypetshop.com\/hu\/wp-json\/wp\/v2\/types\/product"}],"replies":[{"embeddable":true,"href":"https:\/\/troypetshop.com\/hu\/wp-json\/wp\/v2\/comments?post=7224"}],"wp:featuredmedia":[{"embeddable":true,"href":"https:\/\/troypetshop.com\/hu\/wp-json\/wp\/v2\/media\/6888"}],"wp:attachment":[{"href":"https:\/\/troypetshop.com\/hu\/wp-json\/wp\/v2\/media?parent=7224"}],"wp:term":[{"taxonomy":"product_brand","embeddable":true,"href":"https:\/\/troypetshop.com\/hu\/wp-json\/wp\/v2\/product_brand?post=7224"},{"taxonomy":"product_cat","embeddable":true,"href":"https:\/\/troypetshop.com\/hu\/wp-json\/wp\/v2\/product_cat?post=7224"},{"taxonomy":"product_tag","embeddable":true,"href":"https:\/\/troypetshop.com\/hu\/wp-json\/wp\/v2\/product_tag?post=7224"}],"curies":[{"name":"wp","href":"https:\/\/api.w.org\/{rel}","templated":true}]}}